{"id":1075,"date":"2022-03-21T06:09:31","date_gmt":"2022-03-21T06:09:31","guid":{"rendered":"https:\/\/steam4all-project.eu\/e-learning-platform\/"},"modified":"2022-09-22T07:40:04","modified_gmt":"2022-09-22T07:40:04","slug":"e-learning-platform","status":"publish","type":"page","link":"https:\/\/steam4all-project.eu\/hu\/e-learning-platform\/","title":{"rendered":"e-Learning"},"content":{"rendered":"<h1>E-LEARNING<\/h1>\n<p><img decoding=\"async\" src=\"\/wp-content\/uploads\/2022\/07\/e_learning.svg\" alt=\"e-learning\"><\/p>\n<div>\n<p><span style=\"font-weight: 400;\">STEAM4ALL eLearning platform \u00e9s vegyes tanul\u00e1si modulok: egy ny\u00edlt hozz\u00e1f\u00e9r\u00e9s\u0171 e-learning platform, amely a projekt eredm\u00e9nyeinek \u00e9s a vegyes tanul\u00e1si moduloknak ad otthont.<\/span><\/p>\n<\/div>\n<p>\n    <a href=\"https:\/\/elearning.steam4all-project.eu\/\">L\u00e1togassa meg a platformot<\/a>\n<\/p>\n<p><!--more--><br \/>\n<!-- {\"type\":\"layout\",\"children\":[{\"type\":\"section\",\"props\":{\"style\":\"default\",\"width\":\"default\",\"vertical_align\":\"middle\",\"title_position\":\"top-left\",\"title_rotation\":\"left\",\"title_breakpoint\":\"xl\",\"image_position\":\"center-center\",\"padding_remove_top\":true,\"padding\":\"xsmall\"},\"children\":[{\"type\":\"row\",\"children\":[{\"type\":\"column\",\"props\":{\"position_sticky_breakpoint\":\"m\",\"image_position\":\"center-center\",\"media_overlay_gradient\":\"\"},\"children\":[{\"type\":\"headline\",\"props\":{\"title_element\":\"h1\",\"title_style\":\"h1\",\"title_color\":\"success\",\"text_align\":\"left\",\"content\":\"E-LEARNING\",\"class\":\"uk-text-capitalize\"},\"name\":\"headline-pages\"}]}]}]},{\"type\":\"section\",\"props\":{\"style\":\"default\",\"width\":\"default\",\"vertical_align\":\"middle\",\"title_position\":\"top-left\",\"title_rotation\":\"left\",\"title_breakpoint\":\"xl\",\"image_position\":\"center-center\"},\"children\":[{\"type\":\"row\",\"props\":{\"layout\":\"1-4,3-4\"},\"children\":[{\"type\":\"column\",\"props\":{\"position_sticky_breakpoint\":\"m\",\"image_position\":\"center-center\",\"media_overlay_gradient\":\"\",\"width_medium\":\"1-4\"},\"children\":[{\"type\":\"image\",\"props\":{\"margin\":\"default\",\"image_svg_color\":\"emphasis\",\"image\":\"wp-content\\\/uploads\\\/2022\\\/07\\\/e_learning.svg\",\"image_alt\":\"e-learning\",\"image_width\":\"250\",\"text_align\":\"left\",\"text_align_breakpoint\":\"l\",\"text_align_fallback\":\"center\"}}]},{\"type\":\"column\",\"props\":{\"position_sticky_breakpoint\":\"m\",\"image_position\":\"center-center\",\"media_overlay_gradient\":\"\",\"width_medium\":\"3-4\"},\"children\":[{\"type\":\"text\",\"props\":{\"margin\":\"default\",\"column_breakpoint\":\"m\",\"content\":\"\n\n<p><span style=\\\"font-weight: 400;\\\">STEAM4ALL eLearning platform \\u00e9s vegyes tanul\\u00e1si modulok: egy ny\\u00edlt hozz\\u00e1f\\u00e9r\\u00e9s\\u0171 e-learning platform, amely a projekt eredm\\u00e9nyeinek \\u00e9s a vegyes tanul\\u00e1si moduloknak ad otthont.<\\\/span><\\\/p>\",\"text_style\":\"lead\"}},{\"type\":\"button\",\"props\":{\"grid_column_gap\":\"small\",\"grid_row_gap\":\"small\",\"margin\":\"default\",\"attributes\":\"\"},\"children\":[{\"type\":\"button_item\",\"props\":{\"button_style\":\"default\",\"icon_align\":\"left\",\"content\":\"L\\u00e1togassa meg a platformot\",\"link_title\":\"Comin soon\",\"link\":\"https:\\\/\\\/elearning.steam4all-project.eu\\\/\",\"link_target\":\"blank\"}}]}]}]}]},{\"type\":\"section\",\"props\":{\"style\":\"default\",\"width\":\"default\",\"vertical_align\":\"middle\",\"title_position\":\"top-left\",\"title_rotation\":\"left\",\"title_breakpoint\":\"xl\",\"image_position\":\"center-center\"},\"children\":[{\"type\":\"row\",\"children\":[{\"type\":\"column\",\"props\":{\"position_sticky_breakpoint\":\"m\",\"image_position\":\"center-center\",\"media_overlay_gradient\":\"\"},\"children\":[]}]}]}],\"version\":\"2.7.22\"} --><\/p>\n","protected":false},"excerpt":{"rendered":"<p>E-LEARNING STEAM4ALL eLearning platform \u00e9s vegyes tanul\u00e1si modulok: egy ny\u00edlt hozz\u00e1f\u00e9r\u00e9s\u0171 e-learning platform, amely a projekt eredm\u00e9nyeinek \u00e9s a vegyes tanul\u00e1si moduloknak ad otthont. L\u00e1togassa..<\/p>\n","protected":false},"author":1,"featured_media":0,"parent":0,"menu_order":0,"comment_status":"closed","ping_status":"closed","template":"","meta":{"_acf_changed":false,"inline_featured_image":false,"footnotes":""},"class_list":["post-1075","page","type-page","status-publish","hentry"],"acf":[],"_links":{"self":[{"href":"https:\/\/steam4all-project.eu\/hu\/wp-json\/wp\/v2\/pages\/1075","targetHints":{"allow":["GET"]}}],"collection":[{"href":"https:\/\/steam4all-project.eu\/hu\/wp-json\/wp\/v2\/pages"}],"about":[{"href":"https:\/\/steam4all-project.eu\/hu\/wp-json\/wp\/v2\/types\/page"}],"author":[{"embeddable":true,"href":"https:\/\/steam4all-project.eu\/hu\/wp-json\/wp\/v2\/users\/1"}],"replies":[{"embeddable":true,"href":"https:\/\/steam4all-project.eu\/hu\/wp-json\/wp\/v2\/comments?post=1075"}],"version-history":[{"count":2,"href":"https:\/\/steam4all-project.eu\/hu\/wp-json\/wp\/v2\/pages\/1075\/revisions"}],"predecessor-version":[{"id":1147,"href":"https:\/\/steam4all-project.eu\/hu\/wp-json\/wp\/v2\/pages\/1075\/revisions\/1147"}],"wp:attachment":[{"href":"https:\/\/steam4all-project.eu\/hu\/wp-json\/wp\/v2\/media?parent=1075"}],"curies":[{"name":"wp","href":"https:\/\/api.w.org\/{rel}","templated":true}]}}