{"id":1079,"date":"2022-02-24T14:11:37","date_gmt":"2022-02-24T14:11:37","guid":{"rendered":"https:\/\/steam4all-project.eu\/home\/"},"modified":"2023-02-06T14:08:08","modified_gmt":"2023-02-06T14:08:08","slug":"home","status":"publish","type":"page","link":"https:\/\/steam4all-project.eu\/hu\/","title":{"rendered":"F\u0151oldal"},"content":{"rendered":"<h1>\u00c1tfog\u00f3 STEAM program MINDENKI sz\u00e1m\u00e1ra<\/h1>\n<p><img decoding=\"async\" src=\"\/wp-content\/uploads\/2022\/07\/intro_img_steam4all.svg\" alt=\"Stea4All project\"><br \/>\n<img decoding=\"async\" src=\"\/wp-content\/uploads\/2022\/07\/intro_img_steam4all.svg\" alt=\"Stea4All project\"><\/p>\n<h2>\n<h2 class=\"el-title uk-text-success uk-margin-top uk-margin-remove-bottom\">A PROJEKTR\u0150L<\/h2>\n<\/h2>\n<div>\n<p><span style=\"font-weight: 400;\">A STEAM4ALL projekt hozz\u00e1j\u00e1rul a\u00a0 STEAM oktat\u00e1si strukt\u00fara fejleszt\u00e9s\u00e9hez az\u00e1ltal, hogy a tanul\u00f3kban tudatos\u00edtja az egyes k\u00e9szs\u00e9gek fejleszt\u00e9s\u00e9nek fontoss\u00e1g\u00e1t. A projekt, a tanul\u00f3k motiv\u00e1ci\u00f3j\u00e1nak t\u00e1mogat\u00e1s\u00e1t \u00e9s akt\u00edv r\u00e9szv\u00e9tel\u00e9nek el\u0151seg\u00edt\u00e9s\u00e9t c\u00e9lozza a re\u00e1l \u00e9s term\u00e9szettudom\u00e1nyos tant\u00e1rgyakban, k\u00fcl\u00f6n\u00f6s tekintettel a h\u00e1tr\u00e1nyos helyzet\u0171 tanul\u00f3kra.<\/span><\/p>\n<\/div>\n<p>\n    <a href=\"\/hu\/about\">B\u0151vebben<\/a>\n<\/p>\n<h2>\n<h2 class=\"el-title uk-text-success uk-margin-top uk-margin-remove-bottom\">A PROJEKTR\u0150L<\/h2>\n<\/h2>\n<div>\n<p><span style=\"font-weight: 400;\">A STEAM4ALL projekt hozz\u00e1j\u00e1rul a\u00a0 STEAM oktat\u00e1si strukt\u00fara fejleszt\u00e9s\u00e9hez az\u00e1ltal, hogy a tanul\u00f3kban tudatos\u00edtja az egyes k\u00e9szs\u00e9gek fejleszt\u00e9s\u00e9nek fontoss\u00e1g\u00e1t. A projekt, a tanul\u00f3k motiv\u00e1ci\u00f3j\u00e1nak t\u00e1mogat\u00e1s\u00e1t \u00e9s akt\u00edv r\u00e9szv\u00e9tel\u00e9nek el\u0151seg\u00edt\u00e9s\u00e9t c\u00e9lozza a re\u00e1l \u00e9s term\u00e9szettudom\u00e1nyos tant\u00e1rgyakban, k\u00fcl\u00f6n\u00f6s tekintettel a h\u00e1tr\u00e1nyos helyzet\u0171 tanul\u00f3kra.<\/span><\/p>\n<\/div>\n<ul>\n<li>\n<p>        <img decoding=\"async\" src=\"\/wp-content\/uploads\/2022\/07\/about-icon-10.svg\" alt=\"about-aims\"><\/p>\n<p><a href=\"\/hu\/about\">C\u00c9LOK \u00c9S C\u00c9LKIT\u0170Z\u00c9SEK<\/a><\/p>\n<\/li>\n<li>\n<p>        <img decoding=\"async\" src=\"\/wp-content\/uploads\/2022\/07\/about-icon-09.svg\" alt=\"about-outputs\"><\/p>\n<p><a href=\"\/hu\/about\">EREDM\u00c9NYEK<\/a><\/p>\n<\/li>\n<li>\n<p>        <img decoding=\"async\" src=\"\/wp-content\/uploads\/2022\/07\/about-icon-08.svg\" alt=\"about-methodology\"><\/p>\n<p><a href=\"\/hu\/about\">M\u00d3DSZEREK<\/a><\/p>\n<\/li>\n<\/ul>\n<p><img decoding=\"async\" src=\"\/wp-content\/uploads\/2022\/07\/about-section-girls.svg\" alt=\"About Steam4All\"><\/p>\n<h1>ESZK\u00d6ZT\u00c1R A<br \/>TANUL\u00d3K SZ\u00c1M\u00c1RA<\/h1>\n<div>\n<p>        <img decoding=\"async\" src=\"\/wp-content\/uploads\/2022\/07\/toolkit1.svg\" alt=\"\"><\/p>\n<p><a href=\"#\">Coming soon<\/a><\/p>\n<\/div>\n<h1>\u00daTMUTAT\u00d3<br \/>PEDAG\u00d3GUSOK SZ\u00c1M\u00c1RA<\/h1>\n<div>\n<p>        <img decoding=\"async\" src=\"\/wp-content\/uploads\/2022\/07\/tool2-11.svg\" alt=\"guide for educators\"><\/p>\n<p><a href=\"#\">Coming soon<\/a><\/p>\n<\/div>\n<h2><b>H\u00edrek<\/b><\/h2>\n<div>\n<\/div>\n<p>\n    <a href=\"\/category\/news\/\">View all news<\/a>\n<\/p>\n<h2>H\u00edrek<\/h2>\n<div>\n<\/div>\n<p>\n    <a href=\"\/category\/news\/\">View all news<\/a>\n<\/p>\n<h2>Kapcsolat<\/h2>\n<div>\n<p>[contact-form-7 id=&#8221;8&#8243; title=&#8221;Contact form EN&#8221;]<\/p>\n<\/div>\n<p><img decoding=\"async\" src=\"\/wp-content\/uploads\/2022\/07\/STEAM4ALL_contact-18.svg\" alt=\"\"><\/p>\n<p><!--more--><br \/>\n<!-- {\"type\":\"layout\",\"children\":[{\"type\":\"section\",\"props\":{\"style\":\"muted\",\"width\":\"default\",\"vertical_align\":\"middle\",\"title_position\":\"top-left\",\"title_rotation\":\"left\",\"title_breakpoint\":\"xl\",\"image_position\":\"bottom-center\",\"padding_remove_bottom\":false,\"animation\":\"fade\",\"image\":\"wp-content\\\/uploads\\\/2022\\\/08\\\/PRIMARY-SM_UP-01.svg\",\"class\":\"th--negativeMarginB2 th--hideBG-lg\",\"image_size\":\"width-1-1\"},\"children\":[{\"type\":\"row\",\"children\":[{\"type\":\"column\",\"props\":{\"position_sticky_breakpoint\":\"m\",\"image_position\":\"center-center\",\"media_overlay_gradient\":\"\",\"width_medium\":\"\"},\"children\":[{\"type\":\"headline\",\"props\":{\"title_element\":\"h1\",\"title_color\":\"success\",\"title_style\":\"h2\",\"text_align\":\"center\",\"margin\":\"large\",\"class\":\"uk-text-capitalize\",\"content\":\"\\u00c1tfog\\u00f3 STEAM program MINDENKI sz\\u00e1m\\u00e1ra\",\"maxwidth\":\"xlarge\",\"block_align\":\"center\",\"animation\":\"fade\"},\"source\":{\"props\":{\"_condition\":{\"filters\":{\"condition\":\"!!\"},\"name\":\"title\"}}}},{\"type\":\"image\",\"props\":{\"margin\":\"default\",\"image_svg_color\":\"emphasis\",\"image\":\"wp-content\\\/uploads\\\/2022\\\/07\\\/intro_img_steam4all.svg\",\"text_align\":\"center\",\"image_alt\":\"Stea4All project\",\"position\":\"relative\",\"position_bottom\":\"-70\",\"visibility\":\"l\"},\"name\":\"Image large screens\"},{\"type\":\"image\",\"props\":{\"margin\":\"default\",\"image_svg_color\":\"emphasis\",\"image\":\"wp-content\\\/uploads\\\/2022\\\/07\\\/intro_img_steam4all.svg\",\"text_align\":\"center\",\"image_alt\":\"Stea4All project\",\"position_bottom\":\"-120\",\"visibility\":\"hidden-l\"},\"name\":\"Image small screens\"}]}]}],\"name\":\"Intro\"},{\"type\":\"section\",\"props\":{\"style\":\"primary\",\"width\":\"default\",\"vertical_align\":\"middle\",\"title_position\":\"top-left\",\"title_rotation\":\"left\",\"title_breakpoint\":\"xl\",\"image_position\":\"top-center\",\"class\":\"uk-hidden@l\",\"image\":\"\",\"image_size\":\"width-1-1\",\"preserve_color\":true,\"animation\":\"fade\"},\"children\":[{\"type\":\"row\",\"children\":[{\"type\":\"column\",\"props\":{\"position_sticky_breakpoint\":\"m\",\"image_position\":\"center-center\",\"media_overlay_gradient\":\"\"},\"children\":[{\"type\":\"headline\",\"props\":{\"title_element\":\"h2\",\"content\":\"\n\n<h2 class=\\\"el-title uk-text-success uk-margin-top uk-margin-remove-bottom\\\">A PROJEKTR\\u0150L<\\\/h2>\",\"animation\":\"slide-bottom-medium\"}},{\"type\":\"text\",\"props\":{\"margin\":\"default\",\"column_breakpoint\":\"m\",\"maxwidth\":\"2xlarge\",\"content\":\"\n\n<p><span style=\\\"font-weight: 400;\\\">A STEAM4ALL projekt hozz\\u00e1j\\u00e1rul a\\u00a0 STEAM oktat\\u00e1si strukt\\u00fara fejleszt\\u00e9s\\u00e9hez az\\u00e1ltal, hogy a tanul\\u00f3kban tudatos\\u00edtja az egyes k\\u00e9szs\\u00e9gek fejleszt\\u00e9s\\u00e9nek fontoss\\u00e1g\\u00e1t. A projekt, a tanul\\u00f3k motiv\\u00e1ci\\u00f3j\\u00e1nak t\\u00e1mogat\\u00e1s\\u00e1t \\u00e9s akt\\u00edv r\\u00e9szv\\u00e9tel\\u00e9nek el\\u0151seg\\u00edt\\u00e9s\\u00e9t c\\u00e9lozza a re\\u00e1l \\u00e9s term\\u00e9szettudom\\u00e1nyos tant\\u00e1rgyakban, k\\u00fcl\\u00f6n\\u00f6s tekintettel a h\\u00e1tr\\u00e1nyos helyzet\\u0171 tanul\\u00f3kra.<\\\/span><\\\/p>\",\"text_color\":\"secondary\"}},{\"type\":\"button\",\"props\":{\"grid_column_gap\":\"small\",\"grid_row_gap\":\"small\",\"margin\":\"default\"},\"children\":[{\"type\":\"button_item\",\"props\":{\"button_style\":\"default\",\"icon_align\":\"left\",\"link\":\"hu\\\/about\",\"link_title\":\"B\\u0151vebben\",\"content\":\"B\\u0151vebben\"}}]}]}]}],\"name\":\"About: SMALL SCREENS\"},{\"type\":\"section\",\"props\":{\"style\":\"primary\",\"width\":\"default\",\"vertical_align\":\"bottom\",\"title_position\":\"top-left\",\"title_rotation\":\"left\",\"title_breakpoint\":\"xl\",\"image_position\":\"top-center\",\"image\":\"wp-content\\\/uploads\\\/2022\\\/08\\\/MUTED_bg_down-23-23.svg\",\"image_size\":\"width-1-1\",\"preserve_color\":true,\"height\":\"full\",\"padding_remove_top\":true,\"padding_remove_bottom\":true,\"animation\":\"slide-top-medium\",\"class\":\"uk-visible@l\"},\"children\":[{\"type\":\"row\",\"props\":{\"layout\":\"3-4,1-4\",\"match\":true},\"children\":[{\"type\":\"column\",\"props\":{\"position_sticky_breakpoint\":\"m\",\"image_position\":\"center-center\",\"media_overlay_gradient\":\"\",\"width_medium\":\"3-4\",\"vertical_align\":\"middle\"},\"children\":[{\"type\":\"headline\",\"props\":{\"title_element\":\"h2\",\"content\":\"\n\n<h2 class=\\\"el-title uk-text-success uk-margin-top uk-margin-remove-bottom\\\">A PROJEKTR\\u0150L<\\\/h2>\",\"animation\":\"slide-bottom-medium\"}},{\"type\":\"text\",\"props\":{\"margin\":\"default\",\"column_breakpoint\":\"m\",\"maxwidth\":\"xlarge\",\"content\":\"\n\n<p><span style=\\\"font-weight: 400;\\\">A STEAM4ALL projekt hozz\\u00e1j\\u00e1rul a\\u00a0 STEAM oktat\\u00e1si strukt\\u00fara fejleszt\\u00e9s\\u00e9hez az\\u00e1ltal, hogy a tanul\\u00f3kban tudatos\\u00edtja az egyes k\\u00e9szs\\u00e9gek fejleszt\\u00e9s\\u00e9nek fontoss\\u00e1g\\u00e1t. A projekt, a tanul\\u00f3k motiv\\u00e1ci\\u00f3j\\u00e1nak t\\u00e1mogat\\u00e1s\\u00e1t \\u00e9s akt\\u00edv r\\u00e9szv\\u00e9tel\\u00e9nek el\\u0151seg\\u00edt\\u00e9s\\u00e9t c\\u00e9lozza a re\\u00e1l \\u00e9s term\\u00e9szettudom\\u00e1nyos tant\\u00e1rgyakban, k\\u00fcl\\u00f6n\\u00f6s tekintettel a h\\u00e1tr\\u00e1nyos helyzet\\u0171 tanul\\u00f3kra.<\\\/span><\\\/p>\",\"text_color\":\"secondary\"}},{\"type\":\"grid\",\"props\":{\"show_title\":false,\"show_meta\":false,\"show_content\":false,\"show_image\":true,\"show_link\":true,\"grid_default\":\"1\",\"grid_medium\":\"4\",\"filter_style\":\"tab\",\"filter_all\":true,\"filter_position\":\"top\",\"filter_align\":\"left\",\"filter_grid_width\":\"auto\",\"filter_grid_breakpoint\":\"m\",\"title_hover_style\":\"reset\",\"title_element\":\"h3\",\"title_align\":\"top\",\"title_grid_width\":\"1-2\",\"title_grid_breakpoint\":\"m\",\"meta_style\":\"meta\",\"meta_align\":\"below-title\",\"meta_element\":\"div\",\"content_column_breakpoint\":\"m\",\"icon_width\":80,\"image_align\":\"top\",\"image_grid_width\":\"auto\",\"image_grid_breakpoint\":\"m\",\"image_svg_color\":\"emphasis\",\"link_text\":\"Read more\",\"link_style\":\"default\",\"margin\":\"default\",\"item_animation\":true,\"text_align\":\"center\",\"image_link\":true,\"image_vertical_align\":true,\"panel_padding\":\"\",\"grid_divider\":true,\"grid_column_align\":false,\"grid_row_align\":false,\"grid_column_gap\":\"large\",\"grid_row_gap\":\"collapse\",\"link_size\":\"small\",\"id\":\"th--aboutGridIcons\"},\"children\":[{\"type\":\"grid_item\",\"props\":{\"link\":\"hu\\\/about\",\"link_text\":\"C\\u00c9LOK \\u00c9S C\\u00c9LKIT\\u0170Z\\u00c9SEK\",\"image\":\"wp-content\\\/uploads\\\/2022\\\/07\\\/about-icon-10.svg\",\"image_alt\":\"about-aims\"}},{\"type\":\"grid_item\",\"props\":{\"link\":\"hu\\\/about\",\"link_text\":\"EREDM\\u00c9NYEK\",\"image\":\"wp-content\\\/uploads\\\/2022\\\/07\\\/about-icon-09.svg\",\"image_alt\":\"about-outputs\"}},{\"type\":\"grid_item\",\"props\":{\"link\":\"hu\\\/about\",\"link_text\":\"M\\u00d3DSZEREK\",\"image\":\"wp-content\\\/uploads\\\/2022\\\/07\\\/about-icon-08.svg\",\"image_alt\":\"about-methodology\"}}]}]},{\"type\":\"column\",\"props\":{\"position_sticky_breakpoint\":\"m\",\"image_position\":\"center-center\",\"media_overlay_gradient\":\"\",\"width_medium\":\"1-4\"},\"children\":[{\"type\":\"image\",\"props\":{\"margin\":\"default\",\"image_svg_color\":\"emphasis\",\"image\":\"wp-content\\\/uploads\\\/2022\\\/07\\\/about-section-girls.svg\",\"image_alt\":\"About Steam4All\",\"image_height\":\"300\",\"animation\":\"fade\"}}]}]}],\"name\":\"About: LARGE SCREENS\"},{\"type\":\"section\",\"props\":{\"style\":\"muted\",\"width\":\"default\",\"vertical_align\":\"middle\",\"title_position\":\"top-left\",\"title_rotation\":\"left\",\"title_breakpoint\":\"xl\",\"image_position\":\"top-center\",\"image\":\"wp-content\\\/uploads\\\/2022\\\/08\\\/PRIMARY_bg_bed7d3_down-23.svg\",\"image_size\":\"width-1-1\",\"padding_remove_top\":true,\"height\":\"percent\",\"padding_remove_bottom\":true,\"padding\":\"none\",\"animation\":\"slide-bottom-small\"},\"children\":[{\"type\":\"row\",\"props\":{\"layout\":\"1-2,1-2\",\"width\":\"default\",\"status\":\"\"},\"children\":[{\"type\":\"column\",\"props\":{\"position_sticky_breakpoint\":\"m\",\"image_position\":\"center-center\",\"media_overlay_gradient\":\"\",\"width_medium\":\"1-2\"},\"children\":[{\"type\":\"headline\",\"props\":{\"title_element\":\"h1\",\"content\":\"ESZK\\u00d6ZT\\u00c1R A<br \\\/>TANUL\\u00d3K SZ\\u00c1M\\u00c1RA\",\"title_style\":\"h3\",\"text_align\":\"center\"}},{\"type\":\"panel\",\"props\":{\"link_text\":\"Coming soon\",\"title_hover_style\":\"reset\",\"title_element\":\"h3\",\"title_align\":\"top\",\"title_grid_width\":\"1-2\",\"title_grid_breakpoint\":\"m\",\"meta_style\":\"meta\",\"meta_align\":\"below-title\",\"meta_element\":\"div\",\"content_column_breakpoint\":\"m\",\"icon_width\":80,\"image_align\":\"top\",\"image_grid_width\":\"1-2\",\"image_grid_breakpoint\":\"m\",\"image_svg_color\":\"emphasis\",\"link_style\":\"default\",\"margin\":\"default\",\"image\":\"wp-content\\\/uploads\\\/2022\\\/07\\\/toolkit1.svg\",\"image_alt\":\"\",\"link\":\"#\",\"panel_link\":true,\"text_align\":\"center\",\"maxwidth\":\"small\",\"block_align\":\"center\",\"image_link\":false,\"class\":\"th--maxWimg-guide uk-margin-large-bottom\",\"title\":\"\",\"link_target\":true}}]},{\"type\":\"column\",\"props\":{\"position_sticky_breakpoint\":\"m\",\"image_position\":\"center-center\",\"media_overlay_gradient\":\"\",\"width_medium\":\"1-2\"},\"children\":[{\"type\":\"headline\",\"props\":{\"title_element\":\"h1\",\"content\":\"\\u00daTMUTAT\\u00d3<br \\\/>PEDAG\\u00d3GUSOK SZ\\u00c1M\\u00c1RA\",\"title_style\":\"h3\",\"text_align\":\"center\"}},{\"type\":\"panel\",\"props\":{\"link_text\":\"Coming soon\",\"title_hover_style\":\"reset\",\"title_element\":\"h3\",\"title_align\":\"top\",\"title_grid_width\":\"1-2\",\"title_grid_breakpoint\":\"m\",\"meta_style\":\"meta\",\"meta_align\":\"below-title\",\"meta_element\":\"div\",\"content_column_breakpoint\":\"m\",\"icon_width\":80,\"image_align\":\"top\",\"image_grid_width\":\"1-2\",\"image_grid_breakpoint\":\"m\",\"image_svg_color\":\"emphasis\",\"link_style\":\"default\",\"margin\":\"default\",\"image\":\"wp-content\\\/uploads\\\/2022\\\/07\\\/tool2-11.svg\",\"image_alt\":\"guide for educators\",\"link\":\"#\",\"panel_link\":true,\"text_align\":\"center\",\"maxwidth\":\"small\",\"block_align\":\"center\",\"class\":\"th--maxWimg-guide\",\"link_target\":true}}]}]}],\"name\":\"Toolkit & Guide\"},{\"type\":\"section\",\"props\":{\"style\":\"muted\",\"width\":\"default\",\"vertical_align\":\"middle\",\"title_position\":\"top-left\",\"title_rotation\":\"left\",\"title_breakpoint\":\"xl\",\"image_position\":\"bottom-center\",\"padding\":\"none\",\"padding_remove_top\":true,\"padding_remove_bottom\":true,\"class\":\"uk-visible@l\",\"image\":\"wp-content\\\/uploads\\\/2022\\\/07\\\/999bg-darkGreen-13.svg\",\"image_size\":\"width-1-1\",\"animation\":\"fade\"},\"children\":[{\"type\":\"row\",\"children\":[{\"type\":\"column\",\"props\":{\"position_sticky_breakpoint\":\"m\",\"image_position\":\"center-center\",\"media_overlay_gradient\":\"\",\"vertical_align\":\"middle\"},\"children\":[{\"type\":\"headline\",\"props\":{\"title_element\":\"h2\",\"title_style\":\"h2\",\"title_color\":\"success\",\"text_align\":\"center\",\"content\":\"<b>H\\u00edrek<\\\/b>\"}},{\"type\":\"grid\",\"props\":{\"show_title\":true,\"show_meta\":false,\"show_content\":true,\"show_image\":true,\"show_link\":true,\"grid_default\":\"1\",\"grid_medium\":\"3\",\"filter_style\":\"tab\",\"filter_all\":true,\"filter_position\":\"top\",\"filter_align\":\"left\",\"filter_grid_width\":\"auto\",\"filter_grid_breakpoint\":\"m\",\"title_hover_style\":\"reset\",\"title_element\":\"h3\",\"title_align\":\"top\",\"title_grid_width\":\"1-2\",\"title_grid_breakpoint\":\"m\",\"meta_style\":\"meta\",\"meta_align\":\"below-title\",\"meta_element\":\"div\",\"content_column_breakpoint\":\"m\",\"icon_width\":80,\"image_align\":\"top\",\"image_grid_width\":\"1-2\",\"image_grid_breakpoint\":\"m\",\"image_svg_color\":\"emphasis\",\"link_text\":\"\",\"link_style\":\"secondary\",\"margin\":\"default\",\"item_animation\":true,\"panel_style\":\"card-default\",\"class\":\"news-grid\",\"panel_link\":true,\"css\":\".uk-child-width-1-1.uk-child-width-1-3\\\\@m.uk-grid-match.uk-grid {\\n  display: flex;\\n  justify-content: center;\\n}\"},\"children\":[{\"type\":\"grid_item\",\"props\":{\"link_text\":\"\"},\"source\":{\"query\":{\"name\":\"posts.customPosts\",\"arguments\":{\"terms\":[10],\"category_operator\":\"IN\",\"post_tag_operator\":\"IN\",\"users\":[],\"users_operator\":\"IN\",\"offset\":0,\"limit\":10,\"order\":\"date\",\"order_direction\":\"DESC\"}},\"props\":{\"title\":{\"filters\":{\"search\":\"\"},\"name\":\"title\"},\"content\":{\"filters\":{\"search\":\"\",\"limit\":125},\"name\":\"excerpt\"},\"image\":{\"filters\":{\"search\":\"\"},\"name\":\"featuredImage.url\"},\"link\":{\"filters\":{\"search\":\"\"},\"name\":\"link\"}}}}]},{\"type\":\"button\",\"props\":{\"grid_column_gap\":\"small\",\"grid_row_gap\":\"small\",\"margin\":\"default\",\"text_align\":\"center\"},\"children\":[{\"type\":\"button_item\",\"props\":{\"button_style\":\"default\",\"icon_align\":\"left\",\"content\":\"[all_news_header]\",\"link\":\"\\\/category\\\/news\\\/\"},\"source\":{\"query\":{\"name\":\"categories.customCategories\",\"arguments\":{\"id\":0,\"offset\":0,\"limit\":10,\"order\":\"term_order\",\"order_direction\":\"ASC\"}},\"props\":{\"_condition\":{\"filters\":{\"condition\":\">\",\"condition_value\":\"1\"},\"name\":\"count\"}}}}]}]}]}],\"name\":\"News  uk-visible@l\"},{\"type\":\"section\",\"props\":{\"style\":\"muted\",\"width\":\"default\",\"vertical_align\":\"middle\",\"title_position\":\"top-left\",\"title_rotation\":\"left\",\"title_breakpoint\":\"xl\",\"image_position\":\"bottom-center\",\"padding\":\"xlarge\",\"padding_remove_top\":true,\"padding_remove_bottom\":false,\"class\":\" uk-hidden@l th--negativeMarginB\",\"image\":\"wp-content\\\/uploads\\\/2022\\\/07\\\/bg-darkGreen-13.svg\",\"image_size\":\"width-1-1\",\"animation\":\"fade\"},\"children\":[{\"type\":\"row\",\"children\":[{\"type\":\"column\",\"props\":{\"position_sticky_breakpoint\":\"m\",\"image_position\":\"center-center\",\"media_overlay_gradient\":\"\"},\"children\":[{\"type\":\"headline\",\"props\":{\"title_element\":\"h2\",\"title_style\":\"h2\",\"title_color\":\"success\",\"text_align\":\"left\",\"content\":\"H\\u00edrek\"}},{\"type\":\"grid\",\"props\":{\"show_title\":true,\"show_meta\":false,\"show_content\":false,\"show_image\":true,\"show_link\":true,\"grid_default\":\"1\",\"grid_medium\":\"3\",\"filter_style\":\"tab\",\"filter_all\":true,\"filter_position\":\"top\",\"filter_align\":\"left\",\"filter_grid_width\":\"auto\",\"filter_grid_breakpoint\":\"m\",\"title_hover_style\":\"reset\",\"title_element\":\"h3\",\"title_align\":\"top\",\"title_grid_width\":\"1-2\",\"title_grid_breakpoint\":\"m\",\"meta_style\":\"meta\",\"meta_align\":\"below-title\",\"meta_element\":\"div\",\"content_column_breakpoint\":\"m\",\"icon_width\":80,\"image_align\":\"top\",\"image_grid_width\":\"1-2\",\"image_grid_breakpoint\":\"m\",\"image_svg_color\":\"emphasis\",\"link_text\":\"\",\"link_style\":\"secondary\",\"margin\":\"default\",\"item_animation\":true,\"panel_style\":\"card-default\",\"class\":\"\",\"panel_link\":true,\"css\":\".uk-child-width-1-1.uk-child-width-1-3\\\\@m.uk-grid-match.uk-grid {\\n  display: flex;\\n  justify-content: center;\\n}\",\"title_style\":\"h4\",\"title_color\":\"secondary\",\"text_align\":\"center\",\"title_font_family\":\"default\",\"panel_padding\":\"small\"},\"children\":[{\"type\":\"grid_item\",\"props\":{\"link_text\":\"\"},\"source\":{\"query\":{\"name\":\"posts.customPosts\",\"arguments\":{\"terms\":[10],\"category_operator\":\"IN\",\"post_tag_operator\":\"IN\",\"users\":[],\"users_operator\":\"IN\",\"offset\":0,\"limit\":10,\"order\":\"date\",\"order_direction\":\"DESC\"}},\"props\":{\"title\":{\"filters\":{\"search\":\"\"},\"name\":\"title\"},\"content\":{\"filters\":{\"search\":\"\",\"limit\":125},\"name\":\"excerpt\"},\"image\":{\"filters\":{\"search\":\"\"},\"name\":\"featuredImage.url\"},\"link\":{\"filters\":{\"search\":\"\"},\"name\":\"link\"}}}}]},{\"type\":\"button\",\"props\":{\"grid_column_gap\":\"small\",\"grid_row_gap\":\"small\",\"margin\":\"default\",\"text_align\":\"center\"},\"children\":[{\"type\":\"button_item\",\"props\":{\"button_style\":\"default\",\"icon_align\":\"left\",\"content\":\"[all_news_header]\",\"link\":\"\\\/category\\\/news\\\/\"},\"source\":{\"query\":{\"name\":\"categories.customCategories\",\"arguments\":{\"id\":0,\"offset\":0,\"limit\":10,\"order\":\"term_order\",\"order_direction\":\"ASC\"}},\"props\":{\"_condition\":{\"filters\":{\"condition\":\">\",\"condition_value\":\"1\"},\"name\":\"count\"}}}}]}]}]}],\"name\":\"News   uk-hidden@l & th--negativeMarginB\"},{\"type\":\"section\",\"props\":{\"style\":\"secondary\",\"width\":\"default\",\"vertical_align\":\"\",\"title_position\":\"top-left\",\"title_rotation\":\"left\",\"title_breakpoint\":\"xl\",\"image_position\":\"center-center\",\"padding\":\"xlarge\",\"height\":\"percent\",\"animation\":\"fade\",\"class\":\"\",\"padding_remove_bottom\":false,\"preserve_color\":false},\"children\":[{\"type\":\"row\",\"props\":{\"layout\":\"1-2,1-2\"},\"children\":[{\"type\":\"column\",\"props\":{\"position_sticky_breakpoint\":\"m\",\"image_position\":\"center-center\",\"media_overlay_gradient\":\"\",\"width_medium\":\"1-2\"},\"children\":[{\"type\":\"headline\",\"props\":{\"title_element\":\"h2\",\"title_style\":\"h2\",\"text_align\":\"left\",\"content\":\"Kapcsolat\"}},{\"type\":\"text\",\"props\":{\"margin\":\"default\",\"column_breakpoint\":\"m\",\"content\":\"\n\n<p>[contact-form-7 id=\\\"8\\\" title=\\\"Contact form EN\\\"]<\\\/p>\"}}]},{\"type\":\"column\",\"props\":{\"position_sticky_breakpoint\":\"m\",\"image_position\":\"center-center\",\"media_overlay_gradient\":\"\",\"width_medium\":\"1-2\"},\"children\":[{\"type\":\"image\",\"props\":{\"margin\":\"default\",\"image_svg_color\":\"emphasis\",\"image\":\"wp-content\\\/uploads\\\/2022\\\/07\\\/STEAM4ALL_contact-18.svg\",\"image_width\":\"270\",\"class\":\"\",\"text_align\":\"center\",\"visibility\":\"l\"}}]}]}],\"name\":\"Contact form\"}],\"version\":\"2.7.22\"} --><\/p>\n","protected":false},"excerpt":{"rendered":"<p>\u00c1tfog\u00f3 STEAM program MINDENKI sz\u00e1m\u00e1ra A PROJEKTR\u0150L A STEAM4ALL projekt hozz\u00e1j\u00e1rul a\u00a0 STEAM oktat\u00e1si strukt\u00fara fejleszt\u00e9s\u00e9hez az\u00e1ltal, hogy a tanul\u00f3kban tudatos\u00edtja az egyes k\u00e9szs\u00e9gek fejleszt\u00e9s\u00e9nek..<\/p>\n","protected":false},"author":1,"featured_media":0,"parent":0,"menu_order":0,"comment_status":"closed","ping_status":"closed","template":"","meta":{"_acf_changed":false,"inline_featured_image":false,"footnotes":""},"class_list":["post-1079","page","type-page","status-publish","hentry"],"acf":[],"_links":{"self":[{"href":"https:\/\/steam4all-project.eu\/hu\/wp-json\/wp\/v2\/pages\/1079","targetHints":{"allow":["GET"]}}],"collection":[{"href":"https:\/\/steam4all-project.eu\/hu\/wp-json\/wp\/v2\/pages"}],"about":[{"href":"https:\/\/steam4all-project.eu\/hu\/wp-json\/wp\/v2\/types\/page"}],"author":[{"embeddable":true,"href":"https:\/\/steam4all-project.eu\/hu\/wp-json\/wp\/v2\/users\/1"}],"replies":[{"embeddable":true,"href":"https:\/\/steam4all-project.eu\/hu\/wp-json\/wp\/v2\/comments?post=1079"}],"version-history":[{"count":7,"href":"https:\/\/steam4all-project.eu\/hu\/wp-json\/wp\/v2\/pages\/1079\/revisions"}],"predecessor-version":[{"id":1199,"href":"https:\/\/steam4all-project.eu\/hu\/wp-json\/wp\/v2\/pages\/1079\/revisions\/1199"}],"wp:attachment":[{"href":"https:\/\/steam4all-project.eu\/hu\/wp-json\/wp\/v2\/media?parent=1079"}],"curies":[{"name":"wp","href":"https:\/\/api.w.org\/{rel}","templated":true}]}}